{"id":48,"date":"2024-10-23T09:31:59","date_gmt":"2024-10-23T09:31:59","guid":{"rendered":"https:\/\/ofimaticadigital.es\/?page_id=48"},"modified":"2025-01-14T09:09:22","modified_gmt":"2025-01-14T09:09:22","slug":"soluciones","status":"publish","type":"page","link":"https:\/\/ofimaticadigital.es\/en\/soluciones\/","title":{"rendered":"Solutions"},"content":{"rendered":"\t\t<div data-elementor-type=\"wp-page\" data-elementor-id=\"48\" class=\"elementor elementor-48\">\n\t\t\t\t<div class=\"elementor-element elementor-element-2c2b480 e-flex e-con-boxed e-con e-parent\" data-id=\"2c2b480\" data-element_type=\"container\" data-e-type=\"container\" data-settings=\"{&quot;background_background&quot;:&quot;classic&quot;}\">\n\t\t\t\t\t<div class=\"e-con-inner\">\n\t\t<div class=\"elementor-element elementor-element-3477770 e-con-full e-flex e-con e-child\" data-id=\"3477770\" data-element_type=\"container\" data-e-type=\"container\" data-settings=\"{&quot;background_background&quot;:&quot;classic&quot;}\">\n\t\t\t\t<div class=\"elementor-element elementor-element-ac2e5c1 elementor-widget elementor-widget-heading\" data-id=\"ac2e5c1\" data-element_type=\"widget\" data-e-type=\"widget\" data-widget_type=\"heading.default\">\n\t\t\t\t<div class=\"elementor-widget-container\">\n\t\t\t\t\t<h2 class=\"elementor-heading-title elementor-size-default\">Digitaldocu<\/h2>\t\t\t\t<\/div>\n\t\t\t\t<\/div>\n\t\t\t\t<\/div>\n\t\t<div class=\"elementor-element elementor-element-3fcbb0f e-con-full e-flex e-con e-child\" data-id=\"3fcbb0f\" data-element_type=\"container\" data-e-type=\"container\" data-settings=\"{&quot;background_background&quot;:&quot;classic&quot;}\">\n\t\t\t\t<div class=\"elementor-element elementor-element-839ce62 elementor-widget elementor-widget-heading\" data-id=\"839ce62\" data-element_type=\"widget\" data-e-type=\"widget\" data-widget_type=\"heading.default\">\n\t\t\t\t<div class=\"elementor-widget-container\">\n\t\t\t\t\t<h2 class=\"elementor-heading-title elementor-size-default\">Digitalmodul<\/h2>\t\t\t\t<\/div>\n\t\t\t\t<\/div>\n\t\t\t\t<\/div>\n\t\t\t\t\t<\/div>\n\t\t\t\t<\/div>\n\t\t<div class=\"elementor-element elementor-element-3d56d0a e-grid e-con-boxed e-con e-parent\" data-id=\"3d56d0a\" data-element_type=\"container\" data-e-type=\"container\" data-settings=\"{&quot;background_background&quot;:&quot;classic&quot;}\">\n\t\t\t\t\t<div class=\"e-con-inner\">\n\t\t\t\t<div class=\"elementor-element elementor-element-0fc29be elementor-widget elementor-widget-image\" data-id=\"0fc29be\" data-element_type=\"widget\" data-e-type=\"widget\" data-widget_type=\"image.default\">\n\t\t\t\t<div class=\"elementor-widget-container\">\n\t\t\t\t\t\t\t\t\t\t\t\t\t\t\t\t<a href=\"https:\/\/digitaldocu.es\/\" target=\"_blank\">\n\t\t\t\t\t\t\t<img fetchpriority=\"high\" decoding=\"async\" width=\"800\" height=\"454\" src=\"https:\/\/ofimaticadigital.es\/wp-content\/uploads\/2025\/01\/digitaldocu-1024x581.png\" class=\"elementor-animation-grow attachment-large size-large wp-image-295\" alt=\"\" srcset=\"https:\/\/ofimaticadigital.es\/wp-content\/uploads\/2025\/01\/digitaldocu-1024x581.png 1024w, https:\/\/ofimaticadigital.es\/wp-content\/uploads\/2025\/01\/digitaldocu-300x170.png 300w, https:\/\/ofimaticadigital.es\/wp-content\/uploads\/2025\/01\/digitaldocu-768x436.png 768w, https:\/\/ofimaticadigital.es\/wp-content\/uploads\/2025\/01\/digitaldocu-1536x872.png 1536w, https:\/\/ofimaticadigital.es\/wp-content\/uploads\/2025\/01\/digitaldocu.png 1903w\" sizes=\"(max-width: 800px) 100vw, 800px\" \/>\t\t\t\t\t\t\t\t<\/a>\n\t\t\t\t\t\t\t\t\t\t\t\t\t\t\t<\/div>\n\t\t\t\t<\/div>\n\t\t\t\t<div class=\"elementor-element elementor-element-67f65fe elementor-widget elementor-widget-image\" data-id=\"67f65fe\" data-element_type=\"widget\" data-e-type=\"widget\" data-widget_type=\"image.default\">\n\t\t\t\t<div class=\"elementor-widget-container\">\n\t\t\t\t\t\t\t\t\t\t\t\t\t\t\t\t<a href=\"https:\/\/www.digitalmodul.es\/\" target=\"_blank\">\n\t\t\t\t\t\t\t<img decoding=\"async\" width=\"800\" height=\"454\" src=\"https:\/\/ofimaticadigital.es\/wp-content\/uploads\/2025\/01\/digitalmodul-1024x581.png\" class=\"elementor-animation-grow attachment-large size-large wp-image-296\" alt=\"\" srcset=\"https:\/\/ofimaticadigital.es\/wp-content\/uploads\/2025\/01\/digitalmodul-1024x581.png 1024w, https:\/\/ofimaticadigital.es\/wp-content\/uploads\/2025\/01\/digitalmodul-300x170.png 300w, https:\/\/ofimaticadigital.es\/wp-content\/uploads\/2025\/01\/digitalmodul-768x436.png 768w, https:\/\/ofimaticadigital.es\/wp-content\/uploads\/2025\/01\/digitalmodul-1536x872.png 1536w, https:\/\/ofimaticadigital.es\/wp-content\/uploads\/2025\/01\/digitalmodul.png 1903w\" sizes=\"(max-width: 800px) 100vw, 800px\" \/>\t\t\t\t\t\t\t\t<\/a>\n\t\t\t\t\t\t\t\t\t\t\t\t\t\t\t<\/div>\n\t\t\t\t<\/div>\n\t\t\t\t\t<\/div>\n\t\t\t\t<\/div>\n\t\t<div class=\"elementor-element elementor-element-d07222c e-grid e-con-boxed e-con e-parent\" data-id=\"d07222c\" data-element_type=\"container\" data-e-type=\"container\" data-settings=\"{&quot;background_background&quot;:&quot;classic&quot;}\">\n\t\t\t\t\t<div class=\"e-con-inner\">\n\t\t\t\t<div class=\"elementor-element elementor-element-8e7bdf5 elementor-widget elementor-widget-text-editor\" data-id=\"8e7bdf5\" data-element_type=\"widget\" data-e-type=\"widget\" data-widget_type=\"text-editor.default\">\n\t\t\t\t<div class=\"elementor-widget-container\">\n\t\t\t\t\t\t\t\t\t<p><a href=\"http:\/\/www.digitaldocu.es\" target=\"_blank\" rel=\"noopener\"><strong>Digitaldocu<\/strong><\/a> es un software de gesti\u00f3n documental dise\u00f1ado para automatizar y optimizar los procesos documentales de las empresas.<\/p><p>\u00a0<\/p><p>Permite la digitalizaci\u00f3n certificada de documentos f\u00edsicos, asegurando su validez legal y facilitando su integraci\u00f3n con otros sistemas de gesti\u00f3n.<\/p><p>\u00a0<\/p><p>Con funcionalidades como archivado autom\u00e1tico, firma digital y acceso m\u00f3vil, Digitaldocu mejora la eficiencia operativa, reduce costes y garantiza la seguridad y trazabilidad de la informaci\u00f3n empresarial.<\/p>\t\t\t\t\t\t\t\t<\/div>\n\t\t\t\t<\/div>\n\t\t\t\t<div class=\"elementor-element elementor-element-cdf2ffd elementor-widget elementor-widget-text-editor\" data-id=\"cdf2ffd\" data-element_type=\"widget\" data-e-type=\"widget\" data-widget_type=\"text-editor.default\">\n\t\t\t\t<div class=\"elementor-widget-container\">\n\t\t\t\t\t\t\t\t\t<p><a href=\"http:\/\/www.digitalmodul.es\" target=\"_blank\" rel=\"noopener\"><strong>Digitalmodul<\/strong><\/a>\u00a0es una empresa especializada en el dise\u00f1o y equipamiento de espacios, ofreciendo soluciones integrales que mejoran el bienestar y la funcionalidad en entornos laborales y residenciales.<\/p><p>\u00a0<\/p><p>Sus servicios abarcan desde mobiliario de oficina y soluciones ac\u00fasticas hasta protecci\u00f3n solar y dise\u00f1o de interiores, adapt\u00e1ndose a las necesidades espec\u00edficas de cada cliente.<\/p><p>\u00a0<\/p><p>Con un enfoque en la sostenibilidad y el uso de materiales respetuosos con el medio ambiente, Digitalmodul se compromete a crear espacios modernos, eficientes y saludables.<\/p>\t\t\t\t\t\t\t\t<\/div>\n\t\t\t\t<\/div>\n\t\t\t\t\t<\/div>\n\t\t\t\t<\/div>\n\t\t<div class=\"elementor-element elementor-element-750f12d e-flex e-con-boxed e-con e-parent\" data-id=\"750f12d\" data-element_type=\"container\" data-e-type=\"container\" data-settings=\"{&quot;background_background&quot;:&quot;classic&quot;}\">\n\t\t\t\t\t<div class=\"e-con-inner\">\n\t\t<div class=\"elementor-element elementor-element-4a50b91 e-con-full e-flex e-con e-child\" data-id=\"4a50b91\" data-element_type=\"container\" data-e-type=\"container\">\n\t\t\t\t<div class=\"elementor-element elementor-element-6c453ea elementor-widget elementor-widget-heading\" data-id=\"6c453ea\" data-element_type=\"widget\" data-e-type=\"widget\" data-widget_type=\"heading.default\">\n\t\t\t\t<div class=\"elementor-widget-container\">\n\t\t\t\t\t<h4 class=\"elementor-heading-title elementor-size-default\">Soluciones de Impresi\u00f3n: Alquiler y Servicio T\u00e9cnico Especializado<\/h4>\t\t\t\t<\/div>\n\t\t\t\t<\/div>\n\t\t\t\t<\/div>\n\t\t<div class=\"elementor-element elementor-element-ee35319 e-con-full e-flex e-con e-child\" data-id=\"ee35319\" data-element_type=\"container\" data-e-type=\"container\">\n\t\t\t\t<div class=\"elementor-element elementor-element-cd3cca9 elementor-widget elementor-widget-heading\" data-id=\"cd3cca9\" data-element_type=\"widget\" data-e-type=\"widget\" data-widget_type=\"heading.default\">\n\t\t\t\t<div class=\"elementor-widget-container\">\n\t\t\t\t\t<h2 class=\"elementor-heading-title elementor-size-default\">Sistemas<\/h2>\t\t\t\t<\/div>\n\t\t\t\t<\/div>\n\t\t\t\t<\/div>\n\t\t\t\t\t<\/div>\n\t\t\t\t<\/div>\n\t\t<div class=\"elementor-element elementor-element-d43446b e-grid e-con-boxed e-con e-parent\" data-id=\"d43446b\" data-element_type=\"container\" data-e-type=\"container\">\n\t\t\t\t\t<div class=\"e-con-inner\">\n\t\t\t\t<div class=\"elementor-element elementor-element-6836341 elementor-widget elementor-widget-image\" data-id=\"6836341\" data-element_type=\"widget\" data-e-type=\"widget\" data-widget_type=\"image.default\">\n\t\t\t\t<div class=\"elementor-widget-container\">\n\t\t\t\t\t\t\t\t\t\t\t\t\t\t\t\t<a href=\"https:\/\/kmonline.es\/\" target=\"_blank\">\n\t\t\t\t\t\t\t<img decoding=\"async\" width=\"800\" height=\"454\" src=\"https:\/\/ofimaticadigital.es\/wp-content\/uploads\/2025\/01\/impresion_png_1903x1080-1024x581.png\" class=\"elementor-animation-grow attachment-large size-large wp-image-313\" alt=\"\" srcset=\"https:\/\/ofimaticadigital.es\/wp-content\/uploads\/2025\/01\/impresion_png_1903x1080-1024x581.png 1024w, https:\/\/ofimaticadigital.es\/wp-content\/uploads\/2025\/01\/impresion_png_1903x1080-300x170.png 300w, https:\/\/ofimaticadigital.es\/wp-content\/uploads\/2025\/01\/impresion_png_1903x1080-768x436.png 768w, https:\/\/ofimaticadigital.es\/wp-content\/uploads\/2025\/01\/impresion_png_1903x1080-1536x872.png 1536w, https:\/\/ofimaticadigital.es\/wp-content\/uploads\/2025\/01\/impresion_png_1903x1080.png 1903w\" sizes=\"(max-width: 800px) 100vw, 800px\" \/>\t\t\t\t\t\t\t\t<\/a>\n\t\t\t\t\t\t\t\t\t\t\t\t\t\t\t<\/div>\n\t\t\t\t<\/div>\n\t\t\t\t<div class=\"elementor-element elementor-element-e92d6d2 elementor-widget elementor-widget-image\" data-id=\"e92d6d2\" data-element_type=\"widget\" data-e-type=\"widget\" data-widget_type=\"image.default\">\n\t\t\t\t<div class=\"elementor-widget-container\">\n\t\t\t\t\t\t\t\t\t\t\t\t\t\t\t\t<a href=\"https:\/\/ofimaticadigital.es\/contacto\/\" target=\"_blank\">\n\t\t\t\t\t\t\t<img loading=\"lazy\" decoding=\"async\" width=\"800\" height=\"454\" src=\"https:\/\/ofimaticadigital.es\/wp-content\/uploads\/2025\/01\/sistemas_png_1903x1080-1024x581.png\" class=\"elementor-animation-grow attachment-large size-large wp-image-314\" alt=\"\" srcset=\"https:\/\/ofimaticadigital.es\/wp-content\/uploads\/2025\/01\/sistemas_png_1903x1080-1024x581.png 1024w, https:\/\/ofimaticadigital.es\/wp-content\/uploads\/2025\/01\/sistemas_png_1903x1080-300x170.png 300w, https:\/\/ofimaticadigital.es\/wp-content\/uploads\/2025\/01\/sistemas_png_1903x1080-768x436.png 768w, https:\/\/ofimaticadigital.es\/wp-content\/uploads\/2025\/01\/sistemas_png_1903x1080-1536x872.png 1536w, https:\/\/ofimaticadigital.es\/wp-content\/uploads\/2025\/01\/sistemas_png_1903x1080.png 1903w\" sizes=\"(max-width: 800px) 100vw, 800px\" \/>\t\t\t\t\t\t\t\t<\/a>\n\t\t\t\t\t\t\t\t\t\t\t\t\t\t\t<\/div>\n\t\t\t\t<\/div>\n\t\t\t\t\t<\/div>\n\t\t\t\t<\/div>\n\t\t<div class=\"elementor-element elementor-element-03f7890 e-grid e-con-boxed e-con e-parent\" data-id=\"03f7890\" data-element_type=\"container\" data-e-type=\"container\" data-settings=\"{&quot;background_background&quot;:&quot;classic&quot;}\">\n\t\t\t\t\t<div class=\"e-con-inner\">\n\t\t\t\t<div class=\"elementor-element elementor-element-2072f8d elementor-widget elementor-widget-text-editor\" data-id=\"2072f8d\" data-element_type=\"widget\" data-e-type=\"widget\" data-widget_type=\"text-editor.default\">\n\t\t\t\t<div class=\"elementor-widget-container\">\n\t\t\t\t\t\t\t\t\t<div class=\"flex-shrink-0 flex flex-col relative items-end\"><div class=\"pt-0\"><div class=\"gizmo-bot-avatar flex h-8 w-8 items-center justify-center overflow-hidden rounded-full\"><div class=\"relative p-1 rounded-sm flex items-center justify-center bg-token-main-surface-primary text-token-text-primary h-8 w-8\"><a href=\"http:\/\/www.kmonline.es\" target=\"_blank\" rel=\"noopener\"><strong>KMOnline<\/strong><\/a>\u00a0ofrece soluciones de impresi\u00f3n integrales, incluyendo alquiler de equipos multifuncionales y servicio t\u00e9cnico especializado.<\/div><div>\u00a0<\/div><div class=\"relative p-1 rounded-sm flex items-center justify-center bg-token-main-surface-primary text-token-text-primary h-8 w-8\">Contamos con impresoras y fotocopiadoras de \u00faltima generaci\u00f3n, con opciones flexibles de alquiler que optimizan costes y mantienen la tecnolog\u00eda actualizada.<\/div><div>\u00a0<\/div><div class=\"relative p-1 rounded-sm flex items-center justify-center bg-token-main-surface-primary text-token-text-primary h-8 w-8\"><div class=\"group\/conversation-turn relative flex w-full min-w-0 flex-col agent-turn\"><div class=\"flex-col gap-1 md:gap-3\"><div class=\"flex max-w-full flex-col flex-grow\"><div class=\"min-h-8 text-message flex w-full flex-col items-end gap-2 whitespace-normal break-words text-start [.text-message+&amp;]:mt-5\" dir=\"auto\" data-message-author-role=\"assistant\" data-message-id=\"ab7d5420-3185-455f-9090-adb2ab082107\" data-message-model-slug=\"gpt-4o-mini\"><div class=\"flex w-full flex-col gap-1 empty:hidden first:pt-[3px]\"><div class=\"markdown prose w-full break-words dark:prose-invert light\"><p>Nuestro servicio t\u00e9cnico garantiza un soporte r\u00e1pido y eficiente. KMOnline ofrece soluciones fiables y personalizadas para mejorar la productividad de su negocio.<\/p><\/div><\/div><\/div><\/div><\/div><\/div><\/div><\/div><\/div><\/div>\t\t\t\t\t\t\t\t<\/div>\n\t\t\t\t<\/div>\n\t\t\t\t<div class=\"elementor-element elementor-element-9a3a5b7 elementor-widget elementor-widget-text-editor\" data-id=\"9a3a5b7\" data-element_type=\"widget\" data-e-type=\"widget\" data-widget_type=\"text-editor.default\">\n\t\t\t\t<div class=\"elementor-widget-container\">\n\t\t\t\t\t\t\t\t\t<p>Ofrecemos <a href=\"https:\/\/ofimaticadigital.es\/contacto\/\" target=\"_blank\" rel=\"noopener\"><strong>atenci\u00f3n r\u00e1pida<\/strong><\/a> y eficiente para diagnosticar y solucionar problemas t\u00e9cnicos, minimizando interrupciones y optimizando el rendimiento de tu negocio.<\/p><p>\u00a0<\/p><p>Con un equipo de especialistas altamente capacitados y herramientas avanzadas de monitorizaci\u00f3n, brindamos soporte proactivo y personalizado, asegurando que tus sistemas funcionen de manera \u00f3ptima en todo momento.<\/p>\t\t\t\t\t\t\t\t<\/div>\n\t\t\t\t<\/div>\n\t\t\t\t\t<\/div>\n\t\t\t\t<\/div>\n\t\t\t\t<\/div>\n\t\t","protected":false},"excerpt":{"rendered":"<p>Digitaldocu Digitalmodul Digitaldocu es un software de gesti\u00f3n documental dise\u00f1ado para automatizar y optimizar los procesos documentales de las empresas. \u00a0 Permite la digitalizaci\u00f3n certificada de documentos f\u00edsicos, asegurando su validez legal y facilitando su integraci\u00f3n con otros sistemas de gesti\u00f3n. \u00a0 Con funcionalidades como archivado autom\u00e1tico, firma digital y acceso m\u00f3vil, Digitaldocu mejora la [&hellip;]<\/p>\n","protected":false},"author":1,"featured_media":0,"parent":0,"menu_order":0,"comment_status":"closed","ping_status":"closed","template":"","meta":{"inline_featured_image":false,"footnotes":""},"class_list":["post-48","page","type-page","status-publish","hentry"],"yoast_head":"<!-- This site is optimized with the Yoast SEO plugin v27.2 - https:\/\/yoast.com\/product\/yoast-seo-wordpress\/ -->\n<title>Soluciones - Ofim\u00e1tica Digital Soluciones SL<\/title>\n<meta name=\"robots\" content=\"index, follow, max-snippet:-1, max-image-preview:large, max-video-preview:-1\" \/>\n<link rel=\"canonical\" href=\"https:\/\/ofimaticadigital.es\/en\/soluciones\/\" \/>\n<meta property=\"og:locale\" content=\"en_GB\" \/>\n<meta property=\"og:type\" content=\"article\" \/>\n<meta property=\"og:title\" content=\"Soluciones - Ofim\u00e1tica Digital Soluciones SL\" \/>\n<meta property=\"og:description\" content=\"Digitaldocu Digitalmodul Digitaldocu es un software de gesti\u00f3n documental dise\u00f1ado para automatizar y optimizar los procesos documentales de las empresas. \u00a0 Permite la digitalizaci\u00f3n certificada de documentos f\u00edsicos, asegurando su validez legal y facilitando su integraci\u00f3n con otros sistemas de gesti\u00f3n. \u00a0 Con funcionalidades como archivado autom\u00e1tico, firma digital y acceso m\u00f3vil, Digitaldocu mejora la [&hellip;]\" \/>\n<meta property=\"og:url\" content=\"https:\/\/ofimaticadigital.es\/en\/soluciones\/\" \/>\n<meta property=\"og:site_name\" content=\"Ofim\u00e1tica Digital Soluciones SL\" \/>\n<meta property=\"article:modified_time\" content=\"2025-01-14T09:09:22+00:00\" \/>\n<meta property=\"og:image\" content=\"https:\/\/ofimaticadigital.es\/wp-content\/uploads\/2025\/01\/digitaldocu.png\" \/>\n\t<meta property=\"og:image:width\" content=\"1903\" \/>\n\t<meta property=\"og:image:height\" content=\"1080\" \/>\n\t<meta property=\"og:image:type\" content=\"image\/png\" \/>\n<meta name=\"twitter:card\" content=\"summary_large_image\" \/>\n<meta name=\"twitter:label1\" content=\"Est. reading time\" \/>\n\t<meta name=\"twitter:data1\" content=\"2 minutes\" \/>\n<script type=\"application\/ld+json\" class=\"yoast-schema-graph\">{\"@context\":\"https:\/\/schema.org\",\"@graph\":[{\"@type\":\"WebPage\",\"@id\":\"https:\/\/ofimaticadigital.es\/soluciones\/\",\"url\":\"https:\/\/ofimaticadigital.es\/soluciones\/\",\"name\":\"Soluciones - Ofim\u00e1tica Digital Soluciones SL\",\"isPartOf\":{\"@id\":\"https:\/\/ofimaticadigital.es\/#website\"},\"primaryImageOfPage\":{\"@id\":\"https:\/\/ofimaticadigital.es\/soluciones\/#primaryimage\"},\"image\":{\"@id\":\"https:\/\/ofimaticadigital.es\/soluciones\/#primaryimage\"},\"thumbnailUrl\":\"https:\/\/ofimaticadigital.es\/wp-content\/uploads\/2025\/01\/digitaldocu-1024x581.png\",\"datePublished\":\"2024-10-23T09:31:59+00:00\",\"dateModified\":\"2025-01-14T09:09:22+00:00\",\"breadcrumb\":{\"@id\":\"https:\/\/ofimaticadigital.es\/soluciones\/#breadcrumb\"},\"inLanguage\":\"en-GB\",\"potentialAction\":[{\"@type\":\"ReadAction\",\"target\":[\"https:\/\/ofimaticadigital.es\/soluciones\/\"]}]},{\"@type\":\"ImageObject\",\"inLanguage\":\"en-GB\",\"@id\":\"https:\/\/ofimaticadigital.es\/soluciones\/#primaryimage\",\"url\":\"https:\/\/ofimaticadigital.es\/wp-content\/uploads\/2025\/01\/digitaldocu-1024x581.png\",\"contentUrl\":\"https:\/\/ofimaticadigital.es\/wp-content\/uploads\/2025\/01\/digitaldocu-1024x581.png\"},{\"@type\":\"BreadcrumbList\",\"@id\":\"https:\/\/ofimaticadigital.es\/soluciones\/#breadcrumb\",\"itemListElement\":[{\"@type\":\"ListItem\",\"position\":1,\"name\":\"Portada\",\"item\":\"https:\/\/ofimaticadigital.es\/\"},{\"@type\":\"ListItem\",\"position\":2,\"name\":\"Soluciones\"}]},{\"@type\":\"WebSite\",\"@id\":\"https:\/\/ofimaticadigital.es\/#website\",\"url\":\"https:\/\/ofimaticadigital.es\/\",\"name\":\"Ofim\u00e1tica Digital Soluciones SL\",\"description\":\"\",\"publisher\":{\"@id\":\"https:\/\/ofimaticadigital.es\/#organization\"},\"potentialAction\":[{\"@type\":\"SearchAction\",\"target\":{\"@type\":\"EntryPoint\",\"urlTemplate\":\"https:\/\/ofimaticadigital.es\/?s={search_term_string}\"},\"query-input\":{\"@type\":\"PropertyValueSpecification\",\"valueRequired\":true,\"valueName\":\"search_term_string\"}}],\"inLanguage\":\"en-GB\"},{\"@type\":\"Organization\",\"@id\":\"https:\/\/ofimaticadigital.es\/#organization\",\"name\":\"Ofim\u00e1tica Digital Soluciones SL\",\"url\":\"https:\/\/ofimaticadigital.es\/\",\"logo\":{\"@type\":\"ImageObject\",\"inLanguage\":\"en-GB\",\"@id\":\"https:\/\/ofimaticadigital.es\/#\/schema\/logo\/image\/\",\"url\":\"https:\/\/ofimaticadigital.es\/wp-content\/uploads\/2025\/01\/cropped-cropped-cropped-logo-OD-180X60-white.png\",\"contentUrl\":\"https:\/\/ofimaticadigital.es\/wp-content\/uploads\/2025\/01\/cropped-cropped-cropped-logo-OD-180X60-white.png\",\"width\":178,\"height\":51,\"caption\":\"Ofim\u00e1tica Digital Soluciones SL\"},\"image\":{\"@id\":\"https:\/\/ofimaticadigital.es\/#\/schema\/logo\/image\/\"}}]}<\/script>\n<!-- \/ Yoast SEO plugin. -->","yoast_head_json":{"title":"Soluciones - Ofim\u00e1tica Digital Soluciones SL","robots":{"index":"index","follow":"follow","max-snippet":"max-snippet:-1","max-image-preview":"max-image-preview:large","max-video-preview":"max-video-preview:-1"},"canonical":"https:\/\/ofimaticadigital.es\/en\/soluciones\/","og_locale":"en_GB","og_type":"article","og_title":"Soluciones - Ofim\u00e1tica Digital Soluciones SL","og_description":"Digitaldocu Digitalmodul Digitaldocu es un software de gesti\u00f3n documental dise\u00f1ado para automatizar y optimizar los procesos documentales de las empresas. \u00a0 Permite la digitalizaci\u00f3n certificada de documentos f\u00edsicos, asegurando su validez legal y facilitando su integraci\u00f3n con otros sistemas de gesti\u00f3n. \u00a0 Con funcionalidades como archivado autom\u00e1tico, firma digital y acceso m\u00f3vil, Digitaldocu mejora la [&hellip;]","og_url":"https:\/\/ofimaticadigital.es\/en\/soluciones\/","og_site_name":"Ofim\u00e1tica Digital Soluciones SL","article_modified_time":"2025-01-14T09:09:22+00:00","og_image":[{"width":1903,"height":1080,"url":"https:\/\/ofimaticadigital.es\/wp-content\/uploads\/2025\/01\/digitaldocu.png","type":"image\/png"}],"twitter_card":"summary_large_image","twitter_misc":{"Est. reading time":"2 minutes"},"schema":{"@context":"https:\/\/schema.org","@graph":[{"@type":"WebPage","@id":"https:\/\/ofimaticadigital.es\/soluciones\/","url":"https:\/\/ofimaticadigital.es\/soluciones\/","name":"Soluciones - Ofim\u00e1tica Digital Soluciones SL","isPartOf":{"@id":"https:\/\/ofimaticadigital.es\/#website"},"primaryImageOfPage":{"@id":"https:\/\/ofimaticadigital.es\/soluciones\/#primaryimage"},"image":{"@id":"https:\/\/ofimaticadigital.es\/soluciones\/#primaryimage"},"thumbnailUrl":"https:\/\/ofimaticadigital.es\/wp-content\/uploads\/2025\/01\/digitaldocu-1024x581.png","datePublished":"2024-10-23T09:31:59+00:00","dateModified":"2025-01-14T09:09:22+00:00","breadcrumb":{"@id":"https:\/\/ofimaticadigital.es\/soluciones\/#breadcrumb"},"inLanguage":"en-GB","potentialAction":[{"@type":"ReadAction","target":["https:\/\/ofimaticadigital.es\/soluciones\/"]}]},{"@type":"ImageObject","inLanguage":"en-GB","@id":"https:\/\/ofimaticadigital.es\/soluciones\/#primaryimage","url":"https:\/\/ofimaticadigital.es\/wp-content\/uploads\/2025\/01\/digitaldocu-1024x581.png","contentUrl":"https:\/\/ofimaticadigital.es\/wp-content\/uploads\/2025\/01\/digitaldocu-1024x581.png"},{"@type":"BreadcrumbList","@id":"https:\/\/ofimaticadigital.es\/soluciones\/#breadcrumb","itemListElement":[{"@type":"ListItem","position":1,"name":"Portada","item":"https:\/\/ofimaticadigital.es\/"},{"@type":"ListItem","position":2,"name":"Soluciones"}]},{"@type":"WebSite","@id":"https:\/\/ofimaticadigital.es\/#website","url":"https:\/\/ofimaticadigital.es\/","name":"Ofim\u00e1tica Digital Soluciones SL","description":"","publisher":{"@id":"https:\/\/ofimaticadigital.es\/#organization"},"potentialAction":[{"@type":"SearchAction","target":{"@type":"EntryPoint","urlTemplate":"https:\/\/ofimaticadigital.es\/?s={search_term_string}"},"query-input":{"@type":"PropertyValueSpecification","valueRequired":true,"valueName":"search_term_string"}}],"inLanguage":"en-GB"},{"@type":"Organization","@id":"https:\/\/ofimaticadigital.es\/#organization","name":"Ofim\u00e1tica Digital Soluciones SL","url":"https:\/\/ofimaticadigital.es\/","logo":{"@type":"ImageObject","inLanguage":"en-GB","@id":"https:\/\/ofimaticadigital.es\/#\/schema\/logo\/image\/","url":"https:\/\/ofimaticadigital.es\/wp-content\/uploads\/2025\/01\/cropped-cropped-cropped-logo-OD-180X60-white.png","contentUrl":"https:\/\/ofimaticadigital.es\/wp-content\/uploads\/2025\/01\/cropped-cropped-cropped-logo-OD-180X60-white.png","width":178,"height":51,"caption":"Ofim\u00e1tica Digital Soluciones SL"},"image":{"@id":"https:\/\/ofimaticadigital.es\/#\/schema\/logo\/image\/"}}]}},"_links":{"self":[{"href":"https:\/\/ofimaticadigital.es\/en\/wp-json\/wp\/v2\/pages\/48","targetHints":{"allow":["GET"]}}],"collection":[{"href":"https:\/\/ofimaticadigital.es\/en\/wp-json\/wp\/v2\/pages"}],"about":[{"href":"https:\/\/ofimaticadigital.es\/en\/wp-json\/wp\/v2\/types\/page"}],"author":[{"embeddable":true,"href":"https:\/\/ofimaticadigital.es\/en\/wp-json\/wp\/v2\/users\/1"}],"replies":[{"embeddable":true,"href":"https:\/\/ofimaticadigital.es\/en\/wp-json\/wp\/v2\/comments?post=48"}],"version-history":[{"count":34,"href":"https:\/\/ofimaticadigital.es\/en\/wp-json\/wp\/v2\/pages\/48\/revisions"}],"predecessor-version":[{"id":432,"href":"https:\/\/ofimaticadigital.es\/en\/wp-json\/wp\/v2\/pages\/48\/revisions\/432"}],"wp:attachment":[{"href":"https:\/\/ofimaticadigital.es\/en\/wp-json\/wp\/v2\/media?parent=48"}],"curies":[{"name":"wp","href":"https:\/\/api.w.org\/{rel}","templated":true}]}}